{"id":3027,"date":"2013-08-15T13:10:44","date_gmt":"2013-08-15T13:10:44","guid":{"rendered":"http:\/\/techdami.com\/site\/?page_id=3027"},"modified":"2019-02-13T17:54:46","modified_gmt":"2019-02-13T17:54:46","slug":"audifonos","status":"publish","type":"page","link":"http:\/\/techdami.com\/site\/?page_id=3027","title":{"rendered":"Audifonos"},"content":{"rendered":"\t\t<div data-elementor-type=\"wp-post\" data-elementor-id=\"3027\" class=\"elementor elementor-3027 elementor-bc-flex-widget\" data-elementor-settings=\"[]\">\n\t\t\t\t\t\t<div class=\"elementor-inner\">\n\t\t\t\t\t\t\t<div class=\"elementor-section-wrap\">\n\t\t\t\t\t\t\t<section class=\"elementor-section elementor-top-section elementor-element elementor-element-31821df7 elementor-section-boxed elementor-section-height-default elementor-section-height-default\" data-id=\"31821df7\" data-element_type=\"section\" data-settings=\"{&quot;background_background&quot;:&quot;gradient&quot;,&quot;shape_divider_bottom&quot;:&quot;pyramids&quot;,&quot;shape_divider_bottom_negative&quot;:&quot;yes&quot;}\">\n\t\t\t\t\t<div class=\"elementor-shape elementor-shape-bottom\" data-negative=\"true\">\n\t\t\t<svg xmlns=\"http:\/\/www.w3.org\/2000\/svg\" viewBox=\"0 0 1000 100\" preserveAspectRatio=\"none\">\n\t<path class=\"elementor-shape-fill\" d=\"M761.9,40.6L643.1,24L333.9,93.8L0.1,1H0v99h1000V1\"\/>\n<\/svg>\t\t<\/div>\n\t\t\t\t\t<div class=\"elementor-container elementor-column-gap-default\">\n\t\t\t\t\t\t\t<div class=\"elementor-row\">\n\t\t\t\t\t<div class=\"elementor-column elementor-col-50 elementor-top-column elementor-element elementor-element-4c94a40d\" data-id=\"4c94a40d\" data-element_type=\"column\">\n\t\t\t<div class=\"elementor-column-wrap elementor-element-populated\">\n\t\t\t\t\t\t\t<div class=\"elementor-widget-wrap\">\n\t\t\t\t\t\t<div class=\"elementor-element elementor-element-65eb80da elementor-view-stacked elementor-shape-circle elementor-widget elementor-widget-icon\" data-id=\"65eb80da\" data-element_type=\"widget\" data-widget_type=\"icon.default\">\n\t\t\t\t<div class=\"elementor-widget-container\">\n\t\t\t\t\t<div class=\"elementor-icon-wrapper\">\n\t\t\t<div class=\"elementor-icon\">\n\t\t\t\t\t\t\t<i class=\"fa fa-dollar\" aria-hidden=\"true\"><\/i>\n\t\t\t\t\t\t<\/div>\n\t\t<\/div>\n\t\t\t\t<\/div>\n\t\t\t\t<\/div>\n\t\t\t\t<div class=\"elementor-element elementor-element-439c52b3 elementor-widget elementor-widget-heading\" data-id=\"439c52b3\" data-element_type=\"widget\" data-widget_type=\"heading.default\">\n\t\t\t\t<div class=\"elementor-widget-container\">\n\t\t\t<h2 class=\"elementor-heading-title elementor-size-default\">BP51\nSECURE & FIT FOR EXERCISE<\/h2>\t\t<\/div>\n\t\t\t\t<\/div>\n\t\t\t\t<div class=\"elementor-element elementor-element-72f0f200 elementor-invisible elementor-widget elementor-widget-text-editor\" data-id=\"72f0f200\" data-element_type=\"widget\" data-settings=\"{&quot;_animation&quot;:&quot;fadeInDown&quot;}\" data-widget_type=\"text-editor.default\">\n\t\t\t\t<div class=\"elementor-widget-container\">\n\t\t\t\t\t<div class=\"elementor-text-editor elementor-clearfix\"><ul><li>VERSI\u00d3N BLUETOOTH V4.1<\/li><li>TIEMPO DE M\u00daSICA ALREDEDOR DE 6 HRS<\/li><li>RANGO DE OPERACI\u00d3N 10 METROS<\/li><li>TIEMPO DE ESPERA ALREDEDOR DE 160 HRS<\/li><li>TIEMPO DE CARGA 2 HRS<\/li><li>PERFILES BLUETOOTH. HFP \/ HSP \/ AVRCP \/ A2DP<\/li><\/ul><\/div>\n\t\t\t\t<\/div>\n\t\t\t\t<\/div>\n\t\t\t\t\t\t<\/div>\n\t\t\t\t\t<\/div>\n\t\t<\/div>\n\t\t\t\t<div class=\"elementor-column elementor-col-50 elementor-top-column elementor-element elementor-element-5445a2b5\" data-id=\"5445a2b5\" data-element_type=\"column\">\n\t\t\t<div class=\"elementor-column-wrap elementor-element-populated\">\n\t\t\t\t\t\t\t<div class=\"elementor-widget-wrap\">\n\t\t\t\t\t\t<div class=\"elementor-element elementor-element-4bb3a310 elementor-widget elementor-widget-image\" data-id=\"4bb3a310\" data-element_type=\"widget\" data-widget_type=\"image.default\">\n\t\t\t\t<div class=\"elementor-widget-container\">\n\t\t\t\t\t<div class=\"elementor-image\">\n\t\t\t\t\t\t\t\t\t\t<img width=\"423\" height=\"960\" src=\"http:\/\/techdami.com\/site\/wp-content\/uploads\/2019\/02\/SILICON-\u00b4POWER.jpg\" class=\"attachment-full size-full\" alt=\"\" loading=\"lazy\" srcset=\"http:\/\/techdami.com\/site\/wp-content\/uploads\/2019\/02\/SILICON-\u00b4POWER.jpg 423w, http:\/\/techdami.com\/site\/wp-content\/uploads\/2019\/02\/SILICON-\u00b4POWER-132x300.jpg 132w, http:\/\/techdami.com\/site\/wp-content\/uploads\/2019\/02\/SILICON-\u00b4POWER-264x600.jpg 264w, http:\/\/techdami.com\/site\/wp-content\/uploads\/2019\/02\/SILICON-\u00b4POWER-71x160.jpg 71w\" sizes=\"(max-width: 423px) 100vw, 423px\" \/>\t\t\t\t\t\t\t\t\t\t\t<\/div>\n\t\t\t\t<\/div>\n\t\t\t\t<\/div>\n\t\t\t\t\t\t<\/div>\n\t\t\t\t\t<\/div>\n\t\t<\/div>\n\t\t\t\t\t\t\t\t<\/div>\n\t\t\t\t\t<\/div>\n\t\t<\/section>\n\t\t\t\t<section class=\"elementor-section elementor-top-section elementor-element elementor-element-47075110 elementor-section-full_width elementor-section-content-middle elementor-section-height-default elementor-section-height-default\" data-id=\"47075110\" data-element_type=\"section\" data-settings=\"{&quot;background_background&quot;:&quot;gradient&quot;,&quot;shape_divider_bottom&quot;:&quot;pyramids&quot;,&quot;shape_divider_top&quot;:&quot;pyramids&quot;}\">\n\t\t\t\t\t<div class=\"elementor-shape elementor-shape-top\" data-negative=\"false\">\n\t\t\t<svg xmlns=\"http:\/\/www.w3.org\/2000\/svg\" viewBox=\"0 0 1000 100\" preserveAspectRatio=\"none\">\n\t<path class=\"elementor-shape-fill\" d=\"M761.9,44.1L643.1,27.2L333.8,98L0,3.8V0l1000,0v3.9\"\/>\n<\/svg>\t\t<\/div>\n\t\t\t\t<div class=\"elementor-shape elementor-shape-bottom\" data-negative=\"false\">\n\t\t\t<svg xmlns=\"http:\/\/www.w3.org\/2000\/svg\" viewBox=\"0 0 1000 100\" preserveAspectRatio=\"none\">\n\t<path class=\"elementor-shape-fill\" d=\"M761.9,44.1L643.1,27.2L333.8,98L0,3.8V0l1000,0v3.9\"\/>\n<\/svg>\t\t<\/div>\n\t\t\t\t\t<div class=\"elementor-container elementor-column-gap-default\">\n\t\t\t\t\t\t\t<div class=\"elementor-row\">\n\t\t\t\t\t<div class=\"elementor-column elementor-col-50 elementor-top-column elementor-element elementor-element-54165f10\" data-id=\"54165f10\" data-element_type=\"column\">\n\t\t\t<div class=\"elementor-column-wrap elementor-element-populated\">\n\t\t\t\t\t\t\t<div class=\"elementor-widget-wrap\">\n\t\t\t\t\t\t<div class=\"elementor-element elementor-element-bf9cbb4 elementor-widget elementor-widget-image\" data-id=\"bf9cbb4\" data-element_type=\"widget\" data-widget_type=\"image.default\">\n\t\t\t\t<div class=\"elementor-widget-container\">\n\t\t\t\t\t<div class=\"elementor-image\">\n\t\t\t\t\t\t\t\t\t\t<img width=\"339\" height=\"960\" src=\"http:\/\/techdami.com\/site\/wp-content\/uploads\/2019\/02\/51300694_317948225498689_8507657514123264000_n.jpg\" class=\"attachment-full size-full\" alt=\"\" loading=\"lazy\" srcset=\"http:\/\/techdami.com\/site\/wp-content\/uploads\/2019\/02\/51300694_317948225498689_8507657514123264000_n.jpg 339w, http:\/\/techdami.com\/site\/wp-content\/uploads\/2019\/02\/51300694_317948225498689_8507657514123264000_n-106x300.jpg 106w, http:\/\/techdami.com\/site\/wp-content\/uploads\/2019\/02\/51300694_317948225498689_8507657514123264000_n-212x600.jpg 212w, http:\/\/techdami.com\/site\/wp-content\/uploads\/2019\/02\/51300694_317948225498689_8507657514123264000_n-57x160.jpg 57w\" sizes=\"(max-width: 339px) 100vw, 339px\" \/>\t\t\t\t\t\t\t\t\t\t\t<\/div>\n\t\t\t\t<\/div>\n\t\t\t\t<\/div>\n\t\t\t\t\t\t<\/div>\n\t\t\t\t\t<\/div>\n\t\t<\/div>\n\t\t\t\t<div class=\"elementor-column elementor-col-50 elementor-top-column elementor-element elementor-element-4f961e67\" data-id=\"4f961e67\" data-element_type=\"column\">\n\t\t\t<div class=\"elementor-column-wrap elementor-element-populated\">\n\t\t\t\t\t\t\t<div class=\"elementor-widget-wrap\">\n\t\t\t\t\t\t<div class=\"elementor-element elementor-element-c5953b6 elementor-view-default elementor-widget elementor-widget-icon\" data-id=\"c5953b6\" data-element_type=\"widget\" data-widget_type=\"icon.default\">\n\t\t\t\t<div class=\"elementor-widget-container\">\n\t\t\t\t\t<div class=\"elementor-icon-wrapper\">\n\t\t\t<div class=\"elementor-icon elementor-animation-pulse-grow\">\n\t\t\t\t\t\t\t<i class=\"fa fa-spotify\" aria-hidden=\"true\"><\/i>\n\t\t\t\t\t\t<\/div>\n\t\t<\/div>\n\t\t\t\t<\/div>\n\t\t\t\t<\/div>\n\t\t\t\t<div class=\"elementor-element elementor-element-44a9cab0 elementor-widget elementor-widget-testimonial\" data-id=\"44a9cab0\" data-element_type=\"widget\" data-widget_type=\"testimonial.default\">\n\t\t\t\t<div class=\"elementor-widget-container\">\n\t\t\t\t\t<div class=\"elementor-testimonial-wrapper elementor-testimonial-text-align-left\">\n\t\t\t\t\t\t\t<div class=\"elementor-testimonial-content\">       ESPECIFICACIONES \nIMPEDANCIA 16 + -20% (1 KHZ \/ H)\nSENSIBILIDAD 90 + -4DB (1KHZ 1mW)\nDISTORSION 5MW\nRESPUESTA DE FRECUENCIA 20-20,000 HZ<\/div>\n\t\t\t\n\t\t\t\t\t\t<div class=\"elementor-testimonial-meta elementor-has-image elementor-testimonial-image-position-aside\">\n\t\t\t\t<div class=\"elementor-testimonial-meta-inner\">\n\t\t\t\t\t\t\t\t\t\t\t<div class=\"elementor-testimonial-image\">\n\t\t\t\t\t\t\t<img width=\"400\" height=\"400\" src=\"http:\/\/techdami.com\/site\/wp-content\/uploads\/2019\/02\/PNY-1.jpeg\" class=\"attachment-full size-full\" alt=\"\" loading=\"lazy\" srcset=\"http:\/\/techdami.com\/site\/wp-content\/uploads\/2019\/02\/PNY-1.jpeg 400w, http:\/\/techdami.com\/site\/wp-content\/uploads\/2019\/02\/PNY-1-150x150.jpeg 150w, http:\/\/techdami.com\/site\/wp-content\/uploads\/2019\/02\/PNY-1-300x300.jpeg 300w, http:\/\/techdami.com\/site\/wp-content\/uploads\/2019\/02\/PNY-1-160x160.jpeg 160w\" sizes=\"(max-width: 400px) 100vw, 400px\" \/>\t\t\t\t\t\t<\/div>\n\t\t\t\t\t\n\t\t\t\t\t\t\t\t\t\t<div class=\"elementor-testimonial-details\">\n\t\t\t\t\t\t\t\t\t\t\t\t\t\t<div class=\"elementor-testimonial-name\">MIC PLUS +M305K SERIES<\/div>\n\t\t\t\t\t\t\t\t\t\t\t\t\t\t\t\t\t\t\t<\/div>\n\t\t\t\t\t\t\t\t\t<\/div>\n\t\t\t<\/div>\n\t\t\t\t\t<\/div>\n\t\t\t\t<\/div>\n\t\t\t\t<\/div>\n\t\t\t\t\t\t<\/div>\n\t\t\t\t\t<\/div>\n\t\t<\/div>\n\t\t\t\t\t\t\t\t<\/div>\n\t\t\t\t\t<\/div>\n\t\t<\/section>\n\t\t\t\t<section class=\"elementor-section elementor-top-section elementor-element elementor-element-77e8ddb3 elementor-section-boxed elementor-section-height-default elementor-section-height-default\" data-id=\"77e8ddb3\" data-element_type=\"section\" data-settings=\"{&quot;background_background&quot;:&quot;classic&quot;}\">\n\t\t\t\t\t\t<div class=\"elementor-container elementor-column-gap-default\">\n\t\t\t\t\t\t\t<div class=\"elementor-row\">\n\t\t\t\t\t<div class=\"elementor-column elementor-col-100 elementor-top-column elementor-element elementor-element-1c9c716f\" data-id=\"1c9c716f\" data-element_type=\"column\">\n\t\t\t<div class=\"elementor-column-wrap elementor-element-populated\">\n\t\t\t\t\t\t\t<div class=\"elementor-widget-wrap\">\n\t\t\t\t\t\t<div class=\"elementor-element elementor-element-59e93f87 elementor-pagination-position-outside elementor-widget elementor-widget-image-carousel\" data-id=\"59e93f87\" data-element_type=\"widget\" data-settings=\"{&quot;slides_to_show&quot;:&quot;7&quot;,&quot;slides_to_scroll&quot;:&quot;3&quot;,&quot;navigation&quot;:&quot;dots&quot;,&quot;image_spacing_custom&quot;:{&quot;unit&quot;:&quot;px&quot;,&quot;size&quot;:48,&quot;sizes&quot;:[]},&quot;autoplay&quot;:&quot;yes&quot;,&quot;pause_on_hover&quot;:&quot;yes&quot;,&quot;pause_on_interaction&quot;:&quot;yes&quot;,&quot;autoplay_speed&quot;:5000,&quot;infinite&quot;:&quot;yes&quot;,&quot;speed&quot;:500}\" data-widget_type=\"image-carousel.default\">\n\t\t\t\t<div class=\"elementor-widget-container\">\n\t\t\t\t\t<div class=\"elementor-image-carousel-wrapper swiper-container\" dir=\"ltr\">\n\t\t\t<div class=\"elementor-image-carousel swiper-wrapper swiper-image-stretch\">\n\t\t\t\t<div class=\"swiper-slide\"><figure class=\"swiper-slide-inner\"><img class=\"swiper-slide-image\" src=\"http:\/\/techdami.com\/site\/wp-content\/uploads\/2019\/02\/descarga.png\" alt=\"descarga\" \/><\/figure><\/div><div class=\"swiper-slide\"><figure class=\"swiper-slide-inner\"><img class=\"swiper-slide-image\" src=\"http:\/\/techdami.com\/site\/wp-content\/uploads\/2019\/02\/PNY-PRO-Logo-Black.png\" alt=\"PNY-PRO-Logo-Black\" \/><\/figure><\/div><div class=\"swiper-slide\"><figure class=\"swiper-slide-inner\"><img class=\"swiper-slide-image\" src=\"http:\/\/techdami.com\/site\/wp-content\/uploads\/2019\/02\/PYN.png\" alt=\"PYN\" \/><\/figure><\/div><div class=\"swiper-slide\"><figure class=\"swiper-slide-inner\"><img class=\"swiper-slide-image\" src=\"http:\/\/techdami.com\/site\/wp-content\/uploads\/2019\/02\/SILICON-POWER.jpg\" alt=\"SILICON POWER\" \/><\/figure><\/div><div class=\"swiper-slide\"><figure class=\"swiper-slide-inner\"><img class=\"swiper-slide-image\" src=\"http:\/\/techdami.com\/site\/wp-content\/uploads\/2019\/02\/SILICON.png\" alt=\"SILICON\" \/><\/figure><\/div><div class=\"swiper-slide\"><figure class=\"swiper-slide-inner\"><img class=\"swiper-slide-image\" src=\"http:\/\/techdami.com\/site\/wp-content\/uploads\/2019\/02\/PNY-1.jpeg\" alt=\"PNY\" \/><\/figure><\/div><div class=\"swiper-slide\"><figure class=\"swiper-slide-inner\"><img class=\"swiper-slide-image\" src=\"http:\/\/techdami.com\/site\/wp-content\/uploads\/2017\/11\/spsiliconpower_logo-e1549051706554.jpg\" alt=\"spsiliconpower_logo\" \/><\/figure><\/div><div class=\"swiper-slide\"><figure class=\"swiper-slide-inner\"><img class=\"swiper-slide-image\" src=\"http:\/\/techdami.com\/site\/wp-content\/uploads\/2017\/11\/silicon-128.png\" alt=\"silicon-128\" \/><\/figure><\/div>\t\t\t<\/div>\n\t\t\t\t\t\t\t\t\t\t\t\t<div class=\"swiper-pagination\"><\/div>\n\t\t\t\t\t\t\t\t\t\t\t\t\t<\/div>\n\t\t\t\t<\/div>\n\t\t\t\t<\/div>\n\t\t\t\t\t\t<\/div>\n\t\t\t\t\t<\/div>\n\t\t<\/div>\n\t\t\t\t\t\t\t\t<\/div>\n\t\t\t\t\t<\/div>\n\t\t<\/section>\n\t\t\t\t\t\t<\/div>\n\t\t\t\t\t\t<\/div>\n\t\t\t\t\t<\/div>\n\t\t","protected":false},"excerpt":{"rendered":"<p>BP51 SECURE &#038; FIT FOR EXERCISE VERSI\u00d3N BLUETOOTH V4.1 TIEMPO DE M\u00daSICA ALREDEDOR DE 6 HRS RANGO DE OPERACI\u00d3N 10 METROS TIEMPO DE ESPERA ALREDEDOR DE 160 HRS TIEMPO DE CARGA 2 HRS PERFILES BLUETOOTH. HFP \/ HSP \/ AVRCP \/ A2DP ESPECIFICACIONES IMPEDANCIA 16 + -20% (1 KHZ \/ H) SENSIBILIDAD 90 + -4DB [&hellip;]<\/p>\n","protected":false},"author":1,"featured_media":0,"parent":3013,"menu_order":0,"comment_status":"open","ping_status":"open","template":"elementor_header_footer","meta":[],"_links":{"self":[{"href":"http:\/\/techdami.com\/site\/index.php?rest_route=\/wp\/v2\/pages\/3027"}],"collection":[{"href":"http:\/\/techdami.com\/site\/index.php?rest_route=\/wp\/v2\/pages"}],"about":[{"href":"http:\/\/techdami.com\/site\/index.php?rest_route=\/wp\/v2\/types\/page"}],"author":[{"embeddable":true,"href":"http:\/\/techdami.com\/site\/index.php?rest_route=\/wp\/v2\/users\/1"}],"replies":[{"embeddable":true,"href":"http:\/\/techdami.com\/site\/index.php?rest_route=%2Fwp%2Fv2%2Fcomments&post=3027"}],"version-history":[{"count":5,"href":"http:\/\/techdami.com\/site\/index.php?rest_route=\/wp\/v2\/pages\/3027\/revisions"}],"predecessor-version":[{"id":3703,"href":"http:\/\/techdami.com\/site\/index.php?rest_route=\/wp\/v2\/pages\/3027\/revisions\/3703"}],"up":[{"embeddable":true,"href":"http:\/\/techdami.com\/site\/index.php?rest_route=\/wp\/v2\/pages\/3013"}],"wp:attachment":[{"href":"http:\/\/techdami.com\/site\/index.php?rest_route=%2Fwp%2Fv2%2Fmedia&parent=3027"}],"curies":[{"name":"wp","href":"https:\/\/api.w.org\/{rel}","templated":true}]}}